{"id":1914,"date":"2025-09-24T07:48:04","date_gmt":"2025-09-24T07:48:04","guid":{"rendered":"https:\/\/k25154.elephant-staging.de\/?page_id=1914"},"modified":"2025-12-27T11:08:34","modified_gmt":"2025-12-27T11:08:34","slug":"imprint","status":"publish","type":"page","link":"https:\/\/k25154.elephant-staging.de\/en\/impressum\/","title":{"rendered":"Imprint"},"content":{"rendered":"<div data-elementor-type=\"wp-page\" data-elementor-id=\"1914\" class=\"elementor elementor-1914\" data-elementor-post-type=\"page\">\n\t\t\t\t<div class=\"elementor-element elementor-element-4242451 e-con-full e-flex e-con e-parent\" data-id=\"4242451\" data-element_type=\"container\" data-e-type=\"container\" data-settings=\"{&quot;jet_parallax_layout_list&quot;:[]}\">\n\t\t\t\t<div class=\"elementor-element elementor-element-44642c9 elementor-widget elementor-widget-text-editor\" data-id=\"44642c9\" data-element_type=\"widget\" data-e-type=\"widget\" data-widget_type=\"text-editor.default\">\n\t\t\t\t\t\t\t\t\t<h1>Imprint<\/h1><p>GUME GmbH<br \/>Oberrainer Feld 10<br \/>83104 Osterm\u00fcnchen<\/p><p>Commercial Register: HRB 6615<br \/>Registry Court: Amtsgericht Traunstein (Local Court of Traunstein)<\/p><p><strong>Represented by:<\/strong><br \/>Managing Directors Marius Maier, Michael Obermeyer<\/p><h2>Contact Us<\/h2><p>Telephone: +49 (0) 80 67 90 67-0<br \/>Fax: +49 (0) 80 67 90 67-11<br \/>Email: info@gume.de<\/p><h2>VAT ID<\/h2><p>VAT Identification Number pursuant to \u00a7 27a of the German VAT Act:<br \/>DE131179797<\/p><h2>Editorially Responsible<\/h2><p>Managing Directors Marius Maier, Michael Obermeyer<\/p><h2>Consumer Dispute Resolution \/ Universal Arbitration Board<\/h2><p>We are not willing or obligated to participate in dispute resolution proceedings before a consumer arbitration board.<\/p><p>\u00a0<\/p><div class=\"elementor-element elementor-element-bc71e0c elementor-widget elementor-widget-heading\" data-id=\"bc71e0c\" data-element_type=\"widget\" data-widget_type=\"heading.default\"><h2 class=\"elementor-heading-title elementor-size-default\">Web Design &amp; Development<\/h2><\/div><div class=\"elementor-element elementor-element-4fc735c elementor-widget elementor-widget-text-editor\" data-id=\"4fc735c\" data-element_type=\"widget\" data-widget_type=\"text-editor.default\"><p><br \/>Elephant Webdesign &amp; Marketing GmbH<br \/>Phone: 0176 \/ 56849000<br \/>Web: <a href=\"https:\/\/elephant-agency.de\/\" target=\"_blank\" rel=\"noopener\">www.elephant-agency.de<\/a><\/p><p>\u00a0<\/p><\/div><h4><b>Liability for Content<\/b><\/h4><p>As a service provider, we are responsible for our own content on these pages in accordance with general laws, as per Section 7 (1) of the German Telemedia Act (TMG). However, according to \u00a7\u00a7 8 to 10 of the TMG, we as a service provider are not obligated to monitor transmitted or stored third-party information or to investigate circumstances that indicate illegal activity.<\/p><p>Obligations to remove or block the use of information under general laws remain unaffected. However, liability in this regard is only possible from the moment that knowledge of a specific infringement is obtained. Upon notification of such infringements, we will remove this content immediately.<\/p><h4><b>Liability for Links<\/b><\/h4><p>Our website contains links to external third-party websites, over whose content we have no influence. Therefore, we cannot assume any liability for this external content. The respective provider or operator of the pages is always responsible for the content of the linked pages. The linked pages were checked for possible legal violations at the time of linking. Illegal content was not apparent at the time of linking.<\/p><p>However, a permanent content review of the linked pages is not reasonable without concrete evidence of an infringement. Upon notification of infringements, we will remove such links immediately.<\/p><h4><b>Copyright<\/b><\/h4><p>The content and works created by the site operators on these pages are subject to German copyright law. The reproduction, editing, distribution, and any kind of exploitation outside the limits of copyright require the written consent of the respective author or creator. Downloads and copies of this site are only permitted for private, non-commercial use.<\/p><p>Insofar as the content on this site was not created by the operator, the copyrights of third parties are respected. In particular, third-party content is identified as such. Should you nevertheless become aware of a copyright infringement, we kindly request notification. Upon notification of infringements, we will remove such content immediately.<\/p>\t\t\t\t\t\t\t\t<\/div>\n\t\t\t\t<\/div>\n\t\t\t\t<\/div>","protected":false},"excerpt":{"rendered":"<p>Impressum GUME GmbHOberrainer Feld 1083104 Osterm\u00fcnchen Handelsregister: HRB 6615Registergericht: Amtsgericht Traunstein Vertreten durch:Gesch\u00e4ftsf\u00fchrung Marius Maier, Michael Obermeyer Kontakt Telefon: (0 80 67) 90 67-0Telefax: (0 80 67) 90 67-11E-Mail: info@gume.de Umsatzsteuer-ID Umsatzsteuer-Identifikationsnummer gem\u00e4\u00df \u00a7 27 a Umsatzsteuergesetz:DE131179797 Redaktionell verantwortlich Gesch\u00e4ftsf\u00fchrung Marius Maier, Michael Obermeyer Verbraucher\u00adstreit\u00adbeilegung\/Universal\u00adschlichtungs\u00adstelle Wir sind nicht bereit oder verpflichtet, an Streitbeilegungsverfahren vor einer [&hellip;]<\/p>\n","protected":false},"author":1,"featured_media":0,"parent":0,"menu_order":0,"comment_status":"closed","ping_status":"closed","template":"","meta":{"_seopress_robots_primary_cat":"0","_seopress_titles_title":"Impressum \u2013 Gummitechnik &amp; Werkzeugbau","_seopress_titles_desc":"Rechtliche Angaben und Unternehmensinformationen der GuMe GmbH auf einen Blick. Transparent f\u00fcr Sie dargestellt.","_seopress_robots_index":"","footnotes":""},"class_list":["post-1914","page","type-page","status-publish","hentry"],"_links":{"self":[{"href":"https:\/\/k25154.elephant-staging.de\/en\/wp-json\/wp\/v2\/pages\/1914","targetHints":{"allow":["GET"]}}],"collection":[{"href":"https:\/\/k25154.elephant-staging.de\/en\/wp-json\/wp\/v2\/pages"}],"about":[{"href":"https:\/\/k25154.elephant-staging.de\/en\/wp-json\/wp\/v2\/types\/page"}],"author":[{"embeddable":true,"href":"https:\/\/k25154.elephant-staging.de\/en\/wp-json\/wp\/v2\/users\/1"}],"replies":[{"embeddable":true,"href":"https:\/\/k25154.elephant-staging.de\/en\/wp-json\/wp\/v2\/comments?post=1914"}],"version-history":[{"count":25,"href":"https:\/\/k25154.elephant-staging.de\/en\/wp-json\/wp\/v2\/pages\/1914\/revisions"}],"predecessor-version":[{"id":6177,"href":"https:\/\/k25154.elephant-staging.de\/en\/wp-json\/wp\/v2\/pages\/1914\/revisions\/6177"}],"wp:attachment":[{"href":"https:\/\/k25154.elephant-staging.de\/en\/wp-json\/wp\/v2\/media?parent=1914"}],"curies":[{"name":"wp","href":"https:\/\/api.w.org\/{rel}","templated":true}]}}